{"id":108,"date":"2021-06-22T16:04:58","date_gmt":"2021-06-22T14:04:58","guid":{"rendered":"https:\/\/nolimitloans.com\/blog\/?page_id=108"},"modified":"2021-10-06T21:29:38","modified_gmt":"2021-10-06T19:29:38","slug":"temoignages","status":"publish","type":"page","link":"https:\/\/nolimitloans.com\/blog\/temoignages\/","title":{"rendered":"T\u00e9moignages"},"content":{"rendered":"<p><div class=\"fusion-fullwidth fullwidth-box fusion-builder-row-1 fusion-flex-container nonhundred-percent-fullwidth non-hundred-percent-height-scrolling fusion-no-small-visibility\" style=\"background-color: rgba(255,255,255,0);background-position: center center;background-repeat: no-repeat;border-width: 0px 0px 0px 0px;border-color:#e2e2e2;border-style:solid;\" ><div class=\"fusion-builder-row fusion-row fusion-flex-align-items-flex-start\" style=\"max-width:1248px;margin-left: calc(-4% \/ 2 );margin-right: calc(-4% \/ 2 );\"><div class=\"fusion-layout-column fusion_builder_column fusion-builder-column-0 fusion_builder_column_1_1 1_1 fusion-flex-column\"><div class=\"fusion-column-wrapper fusion-flex-justify-content-flex-start fusion-content-layout-column\" style=\"background-position:left top;background-repeat:no-repeat;-webkit-background-size:cover;-moz-background-size:cover;-o-background-size:cover;background-size:cover;padding: 0px 0px 0px 0px;\"><div class=\"fusion-testimonials clean fusion-testimonials-1\" data-random=\"0\" data-speed=\"4000\"><style type=\"text\/css\">#fusion-testimonials-1 a{border-color:#4a4e57;}#fusion-testimonials-1 a:hover, #fusion-testimonials-1 .activeSlide{background-color: #4a4e57;}.fusion-testimonials.clean.fusion-testimonials-1 .author:after{border-top-color:#f7f7f7 !important;}<\/style><div class=\"reviews\"><div class=\"review male\"><div class=\"testimonial-thumbnail doe\" style=\"color:#4a4e57;\"><\/div><blockquote class=\"testimonials-shortcode-blockquote\"><q style=\"background-color:#f7f7f7;color:#4a4e57;\" class=\"fusion-clearfix\">\n<p>En plus que je les recommandes, je peux vous certifier qu\u2019ils sont les meilleurs des meilleurs. Ils sont \u00e0 l\u2019\u00e9coute des clients et r\u00e9pondent tr\u00e8s bien \u00e0 leurs besoins. 5 \u00e9toiles pour votre service<\/p>\n<\/q><\/blockquote><div class=\"author\" style=\"color:#4a4e57;\"><span class=\"company-name\"><strong>E. Morin<\/strong><\/span><\/div><\/div><div class=\"review male\"><div class=\"testimonial-thumbnail doe\" style=\"color:#4a4e57;\"><\/div><blockquote class=\"testimonials-shortcode-blockquote\"><q style=\"background-color:#f7f7f7;color:#4a4e57;\" class=\"fusion-clearfix\">\n<p>Service incroyable! Tu resort avec un sourire<\/p>\n<\/q><\/blockquote><div class=\"author\" style=\"color:#4a4e57;\"><span class=\"company-name\"><strong>M. Francis<\/strong><\/span><\/div><\/div><div class=\"review male\"><div class=\"testimonial-thumbnail doe\" style=\"color:#4a4e57;\"><\/div><blockquote class=\"testimonials-shortcode-blockquote\"><q style=\"background-color:#f7f7f7;color:#4a4e57;\" class=\"fusion-clearfix\">\n<p>On collabore avec eux depuis le changement de direction et on est heureux des r\u00e9sultats.<\/p>\n<\/q><\/blockquote><div class=\"author\" style=\"color:#4a4e57;\"><span class=\"company-name\"><strong>A. Veilleux<\/strong><\/span><\/div><\/div><\/div><div class=\"testimonial-pagination\" id=\"fusion-testimonials-1\"><\/div><\/div><\/div><\/div><style type=\"text\/css\">.fusion-body .fusion-builder-column-0{width:100% !important;margin-top : 0px;margin-bottom : 20px;}.fusion-builder-column-0 > .fusion-column-wrapper {padding-top : 0px !important;padding-right : 0px !important;margin-right : 1.92%;padding-bottom : 0px !important;padding-left : 0px !important;margin-left : 1.92%;}@media only screen and (max-width:1024px) {.fusion-body .fusion-builder-column-0{width:100% !important;order : 0;}.fusion-builder-column-0 > .fusion-column-wrapper {margin-right : 1.92%;margin-left : 1.92%;}}@media only screen and (max-width:640px) {.fusion-body .fusion-builder-column-0{width:100% !important;order : 0;}.fusion-builder-column-0 > .fusion-column-wrapper {margin-right : 1.92%;margin-left : 1.92%;}}<\/style><\/div><style type=\"text\/css\">.fusion-body .fusion-flex-container.fusion-builder-row-1{ padding-top : 80px;margin-top : 0px;padding-right : 0px;padding-bottom : 80px;margin-bottom : 0px;padding-left : 0px;}<\/style><\/div><div class=\"fusion-fullwidth fullwidth-box fusion-builder-row-2 fusion-flex-container nonhundred-percent-fullwidth non-hundred-percent-height-scrolling fusion-no-medium-visibility fusion-no-large-visibility\" style=\"background-color: rgba(255,255,255,0);background-position: center center;background-repeat: no-repeat;border-width: 0px 0px 0px 0px;border-color:#e2e2e2;border-style:solid;\" ><div class=\"fusion-builder-row fusion-row fusion-flex-align-items-flex-start\" style=\"max-width:1248px;margin-left: calc(-4% \/ 2 );margin-right: calc(-4% \/ 2 );\"><div class=\"fusion-layout-column fusion_builder_column fusion-builder-column-1 fusion_builder_column_1_1 1_1 fusion-flex-column\"><div class=\"fusion-column-wrapper fusion-flex-justify-content-flex-start fusion-content-layout-column\" style=\"background-position:left top;background-repeat:no-repeat;-webkit-background-size:cover;-moz-background-size:cover;-o-background-size:cover;background-size:cover;padding: 0px 0px 0px 0px;\"><div class=\"fusion-testimonials clean fusion-testimonials-2\" data-random=\"0\" data-speed=\"4000\"><style type=\"text\/css\">#fusion-testimonials-2 a{border-color:#4a4e57;}#fusion-testimonials-2 a:hover, #fusion-testimonials-2 .activeSlide{background-color: #4a4e57;}.fusion-testimonials.clean.fusion-testimonials-2 .author:after{border-top-color:#f7f7f7 !important;}<\/style><div class=\"reviews\"><div class=\"review male\"><div class=\"testimonial-thumbnail doe\" style=\"color:#4a4e57;\"><\/div><blockquote class=\"testimonials-shortcode-blockquote\"><q style=\"background-color:#f7f7f7;color:#4a4e57;\" class=\"fusion-clearfix\">\n<p>En plus que je les recommandes, je peux vous certifier qu\u2019ils sont les meilleurs des meilleurs. Ils sont \u00e0 l\u2019\u00e9coute des clients et r\u00e9pondent tr\u00e8s bien \u00e0 leurs besoins. 5 \u00e9toiles pour votre service<\/p>\n<\/q><\/blockquote><div class=\"author\" style=\"color:#4a4e57;\"><span class=\"company-name\"><strong>E. Morin<\/strong><\/span><\/div><\/div><div class=\"review male\"><div class=\"testimonial-thumbnail doe\" style=\"color:#4a4e57;\"><\/div><blockquote class=\"testimonials-shortcode-blockquote\"><q style=\"background-color:#f7f7f7;color:#4a4e57;\" class=\"fusion-clearfix\">\n<p>Service incroyable! Tu resort avec un sourire<\/p>\n<\/q><\/blockquote><div class=\"author\" style=\"color:#4a4e57;\"><span class=\"company-name\"><strong>M. Francis<\/strong><\/span><\/div><\/div><div class=\"review male\"><div class=\"testimonial-thumbnail doe\" style=\"color:#4a4e57;\"><\/div><blockquote class=\"testimonials-shortcode-blockquote\"><q style=\"background-color:#f7f7f7;color:#4a4e57;\" class=\"fusion-clearfix\">\n<p>On collabore avec eux depuis le changement de direction et on est heureux des r\u00e9sultats.<\/p>\n<\/q><\/blockquote><div class=\"author\" style=\"color:#4a4e57;\"><span class=\"company-name\"><strong>A. Veilleux<\/strong><\/span><\/div><\/div><\/div><div class=\"testimonial-pagination\" id=\"fusion-testimonials-2\"><\/div><\/div><\/div><\/div><style type=\"text\/css\">.fusion-body .fusion-builder-column-1{width:100% !important;margin-top : 0px;margin-bottom : 20px;}.fusion-builder-column-1 > .fusion-column-wrapper {padding-top : 0px !important;padding-right : 0px !important;margin-right : 1.92%;padding-bottom : 0px !important;padding-left : 0px !important;margin-left : 1.92%;}@media only screen and (max-width:1024px) {.fusion-body .fusion-builder-column-1{width:100% !important;order : 0;}.fusion-builder-column-1 > .fusion-column-wrapper {margin-right : 1.92%;margin-left : 1.92%;}}@media only screen and (max-width:640px) {.fusion-body .fusion-builder-column-1{width:100% !important;order : 0;}.fusion-builder-column-1 > .fusion-column-wrapper {margin-right : 1.92%;margin-left : 1.92%;}}<\/style><\/div><style type=\"text\/css\">.fusion-body .fusion-flex-container.fusion-builder-row-2{ padding-top : 50px;margin-top : 0px;padding-right : 0px;padding-bottom : 50px;margin-bottom : 0px;padding-left : 0px;}<\/style><\/div><\/p>\n","protected":false},"excerpt":{"rendered":"","protected":false},"author":1,"featured_media":0,"parent":0,"menu_order":0,"comment_status":"closed","ping_status":"closed","template":"100-width.php","meta":{"footnotes":""},"class_list":["post-108","page","type-page","status-publish","hentry"],"_links":{"self":[{"href":"https:\/\/nolimitloans.com\/blog\/wp-json\/wp\/v2\/pages\/108","targetHints":{"allow":["GET"]}}],"collection":[{"href":"https:\/\/nolimitloans.com\/blog\/wp-json\/wp\/v2\/pages"}],"about":[{"href":"https:\/\/nolimitloans.com\/blog\/wp-json\/wp\/v2\/types\/page"}],"author":[{"embeddable":true,"href":"https:\/\/nolimitloans.com\/blog\/wp-json\/wp\/v2\/users\/1"}],"replies":[{"embeddable":true,"href":"https:\/\/nolimitloans.com\/blog\/wp-json\/wp\/v2\/comments?post=108"}],"version-history":[{"count":7,"href":"https:\/\/nolimitloans.com\/blog\/wp-json\/wp\/v2\/pages\/108\/revisions"}],"predecessor-version":[{"id":334,"href":"https:\/\/nolimitloans.com\/blog\/wp-json\/wp\/v2\/pages\/108\/revisions\/334"}],"wp:attachment":[{"href":"https:\/\/nolimitloans.com\/blog\/wp-json\/wp\/v2\/media?parent=108"}],"curies":[{"name":"wp","href":"https:\/\/api.w.org\/{rel}","templated":true}]}}